{"id":503,"date":"2013-11-18T17:25:30","date_gmt":"2013-11-18T15:25:30","guid":{"rendered":"http:\/\/zwischendrin.ch\/home\/?page_id=503"},"modified":"2013-11-18T17:26:56","modified_gmt":"2013-11-18T15:26:56","slug":"dialog-im-raum-ausstellungen","status":"publish","type":"page","link":"https:\/\/zwischendrin.ch\/home\/angebot\/dialog-im-raum-ausstellungen\/","title":{"rendered":"Dialog im Raum: Ausstellungen"},"content":{"rendered":"<h2><strong>Dialog im Raum<\/strong><\/h2>\n<p>Brauchen Sie, Ihr Museum oder Ihr Unternehmen eine massgeschneiderte Ausstellung? Historische, k\u00fcnstlerische, kulturwissenschaftliche oder naturwissenschaftliche Inhalte arbeite ich gerne f\u00fcr Sie auf und konzipiere daraus Ihre Ausstellung. Die Visualisierung sowie die Bau- und Produktionsplanung\/-leitung erfolgt gemeinsam mit erfahrenen Szenografen und Grafikern aus meinem oder Ihrem Netzwerk. Durch professionelles Projektmanagement wird das Verh\u00e4ltnis Qualit\u00e4t &#8211; Kosten &#8211; Zeit optimiert und das gute Zusammenspiel der verschiedenen Player gew\u00e4hrleistet.<\/p>\n<p><a href=\"https:\/\/zwischendrin.ch\/home\/blog\/category\/ausstellung\/\">Referenzprojekte<\/a><\/p>\n<p>&nbsp;<\/p>\n<p>Aufbauend oder er\u00e4nzend biete ich Dienstleistungen aus folgenden weiteren Bereichen an:<\/p>\n<p><a title=\"Beratung\" href=\"https:\/\/zwischendrin.ch\/home\/blog\/beratung\/\">Beratung &#8211; Dialog mit Kollegen und Kundinnen<\/a><\/p>\n<p><a title=\"Social Media \u2013 Dialog im Netz\" href=\"https:\/\/zwischendrin.ch\/home\/blog\/social-media-dialog-im-netz\/\">Social Media &#8211; Dialog im Netz<\/a><\/p>\n<p><a title=\"Vermittlung \u2013 Dialog mit Besucherinnen und Kunden\" href=\"https:\/\/zwischendrin.ch\/home\/blog\/vermittlung-dialog-mit-besucherinnen-und-kunden\/\">Vermittlung &#8211; Dialog mit Besucherinnen und Kunden<\/a><\/p>\n","protected":false},"excerpt":{"rendered":"<p>Dialog im Raum Brauchen Sie, Ihr Museum oder Ihr Unternehmen eine massgeschneiderte Ausstellung? Historische, k\u00fcnstlerische, kulturwissenschaftliche oder naturwissenschaftliche Inhalte arbeite ich gerne f\u00fcr Sie auf und konzipiere daraus Ihre Ausstellung. Die Visualisierung sowie die Bau- und Produktionsplanung\/-leitung erfolgt gemeinsam mit erfahrenen Szenografen und Grafikern aus meinem oder Ihrem Netzwerk. Durch professionelles Projektmanagement wird das Verh\u00e4ltnis [&hellip;]<\/p>\n","protected":false},"author":1,"featured_media":0,"parent":507,"menu_order":0,"comment_status":"open","ping_status":"closed","template":"","meta":{"footnotes":""},"_links":{"self":[{"href":"https:\/\/zwischendrin.ch\/home\/wp-json\/wp\/v2\/pages\/503"}],"collection":[{"href":"https:\/\/zwischendrin.ch\/home\/wp-json\/wp\/v2\/pages"}],"about":[{"href":"https:\/\/zwischendrin.ch\/home\/wp-json\/wp\/v2\/types\/page"}],"author":[{"embeddable":true,"href":"https:\/\/zwischendrin.ch\/home\/wp-json\/wp\/v2\/users\/1"}],"replies":[{"embeddable":true,"href":"https:\/\/zwischendrin.ch\/home\/wp-json\/wp\/v2\/comments?post=503"}],"version-history":[{"count":1,"href":"https:\/\/zwischendrin.ch\/home\/wp-json\/wp\/v2\/pages\/503\/revisions"}],"predecessor-version":[{"id":504,"href":"https:\/\/zwischendrin.ch\/home\/wp-json\/wp\/v2\/pages\/503\/revisions\/504"}],"up":[{"embeddable":true,"href":"https:\/\/zwischendrin.ch\/home\/wp-json\/wp\/v2\/pages\/507"}],"wp:attachment":[{"href":"https:\/\/zwischendrin.ch\/home\/wp-json\/wp\/v2\/media?parent=503"}],"curies":[{"name":"wp","href":"https:\/\/api.w.org\/{rel}","templated":true}]}}