{"id":532,"date":"2013-11-18T17:47:46","date_gmt":"2013-11-18T15:47:46","guid":{"rendered":"http:\/\/zwischendrin.ch\/home\/?page_id=532"},"modified":"2013-11-27T12:45:44","modified_gmt":"2013-11-27T10:45:44","slug":"netzwerk","status":"publish","type":"page","link":"https:\/\/zwischendrin.ch\/home\/netzwerk\/","title":{"rendered":"Netzwerk"},"content":{"rendered":"<p><a title=\"http:\/\/blog.hslu.ch\/audienceplus\/\" href=\"http:\/\/blog.hslu.ch\/audienceplus\/\" target=\"_blank\">audience+<\/a>, Hochschule Luzern<\/p>\n<p><a title=\"http:\/\/www.barbarapulli.ch\/\" href=\"http:\/\/www.barbarapulli.ch\/\" target=\"_blank\">Barbara Pulli<\/a>, Ausstellungsgestaltung, St\u00e4fa<\/p>\n<p><a href=\"http:\/\/www.elementdesign.ch\" target=\"_blank\">element<\/a>, Szenografie, Basel<\/p>\n<p><a title=\"http:\/\/www.ethno-expo.ch\" href=\"http:\/\/www.ethno-expo.ch\" target=\"_blank\">Ethno-Expo GmbH<\/a>, Ausstellungsb\u00fcro, Z\u00fcrich<\/p>\n<p><a href=\"http:\/\/k-s-kunstvermittlung.ch\/\" target=\"_blank\">kasper&amp;spillmann<\/a>, Kunstvermittlung, Z\u00fcrich<\/p>\n<p><a href=\"http:\/\/www.kbfk.ch\/kontakt\/\" target=\"_blank\">k\u00f6nig,<\/a> B\u00fcro f\u00fcr Kunst, Z\u00fcrich<\/p>\n<p><a href=\"http:\/\/www.kultureval.ch\/\" target=\"_blank\">kultureval<\/a>, Kulturprojekte und Evaluationen, Z\u00fcrich<\/p>\n<p><a href=\"http:\/\/www.lerjentours.ch\/\" target=\"_blank\">lerjentours<\/a>, Agentur f\u00fcr Gehkultur, Z\u00fcrich<\/p>\n<p><a href=\"http:\/\/www.produktgeschichten.ch\/\" target=\"_blank\">produktgeschichten<\/a>, Ausstellungsb\u00fcro, Z\u00fcrich<\/p>\n<p><a href=\"http:\/\/www.stadtgestalten.ch\" target=\"_blank\">stadtgestalten<\/a>, Spazierg\u00e4nge, Z\u00fcrich<\/p>\n<p><a href=\"http:\/\/www.station21.ch\/\" target=\"_blank\">station21<\/a>, Kunstraum, Z\u00fcrich<\/p>\n<p><a title=\"mailto:gmuer.grafik@gmail.com?subject=\" href=\"mailto:gmuer.grafik@gmail.com?subject=\" target=\"_blank\">Susanne Gm\u00fcr<\/a>, Grafik, Luzern<\/p>\n<p><a href=\"http:\/\/www.tangent.ch\/\" target=\"_blank\">tangent<\/a>, KulturInterAktivit\u00e4ten, Z\u00fcrich<\/p>\n<p><a href=\"http:\/\/www.uteschweizerhof.ch\" target=\"_blank\">Ute Schweizerhof<\/a>, Ausstellungsdesign, Z\u00fcrich<\/p>\n","protected":false},"excerpt":{"rendered":"<p>audience+, Hochschule Luzern Barbara Pulli, Ausstellungsgestaltung, St\u00e4fa element, Szenografie, Basel Ethno-Expo GmbH, Ausstellungsb\u00fcro, Z\u00fcrich kasper&amp;spillmann, Kunstvermittlung, Z\u00fcrich k\u00f6nig, B\u00fcro f\u00fcr Kunst, Z\u00fcrich kultureval, Kulturprojekte und Evaluationen, Z\u00fcrich lerjentours, Agentur f\u00fcr Gehkultur, Z\u00fcrich produktgeschichten, Ausstellungsb\u00fcro, Z\u00fcrich stadtgestalten, Spazierg\u00e4nge, Z\u00fcrich station21, Kunstraum, Z\u00fcrich Susanne Gm\u00fcr, Grafik, Luzern tangent, KulturInterAktivit\u00e4ten, Z\u00fcrich Ute Schweizerhof, Ausstellungsdesign, Z\u00fcrich<\/p>\n","protected":false},"author":1,"featured_media":0,"parent":0,"menu_order":0,"comment_status":"open","ping_status":"open","template":"","meta":{"footnotes":""},"_links":{"self":[{"href":"https:\/\/zwischendrin.ch\/home\/wp-json\/wp\/v2\/pages\/532"}],"collection":[{"href":"https:\/\/zwischendrin.ch\/home\/wp-json\/wp\/v2\/pages"}],"about":[{"href":"https:\/\/zwischendrin.ch\/home\/wp-json\/wp\/v2\/types\/page"}],"author":[{"embeddable":true,"href":"https:\/\/zwischendrin.ch\/home\/wp-json\/wp\/v2\/users\/1"}],"replies":[{"embeddable":true,"href":"https:\/\/zwischendrin.ch\/home\/wp-json\/wp\/v2\/comments?post=532"}],"version-history":[{"count":3,"href":"https:\/\/zwischendrin.ch\/home\/wp-json\/wp\/v2\/pages\/532\/revisions"}],"predecessor-version":[{"id":553,"href":"https:\/\/zwischendrin.ch\/home\/wp-json\/wp\/v2\/pages\/532\/revisions\/553"}],"wp:attachment":[{"href":"https:\/\/zwischendrin.ch\/home\/wp-json\/wp\/v2\/media?parent=532"}],"curies":[{"name":"wp","href":"https:\/\/api.w.org\/{rel}","templated":true}]}}